{"id":3,"date":"2023-01-10T22:04:17","date_gmt":"2023-01-10T22:04:17","guid":{"rendered":"https:\/\/zstu.tg.edu.pl\/wp-new\/?page_id=3"},"modified":"2025-11-28T08:32:39","modified_gmt":"2025-11-28T07:32:39","slug":"informacja-o-przetwarzaniu-danych","status":"publish","type":"page","link":"https:\/\/zstu.tg.edu.pl\/wp-new\/informacja-o-przetwarzaniu-danych\/","title":{"rendered":"Informacja o przetwarzaniu danych"},"content":{"rendered":"\n<p>W zwi\u0105zku z art. 13 ust. 1 i 2 Og\u00f3lnego rozporz\u0105dzenia o ochronie danych osobowych (RODO) informujemy, \u017ce:<\/p>\n\n\n\n<ol class=\"wp-block-list\">\n<li>administratorem danych jest Zesp\u00f3\u0142 Szk\u00f3\u0142 Techniczno-Us\u0142ugowych im. Jana Paw\u0142a II z siedzib\u0105 42-600 Tarnowskie G\u00f3ry, ul. Pokoju 14, tel. 32 7191158, <a rel=\"noreferrer noopener\" href=\"mailto:sekretariat@zstu.tg.edu.pl\" target=\"_blank\">sekretariat@zstu.tg.edu.pl<\/a>;<\/li>\n\n\n\n<li>dane osobowe b\u0119d\u0105 przetwarzane w celu rejestracji oraz archiwizacji korespondencji, na podstawie obowi\u0105zku prawnego ci\u0105\u017c\u0105cego na administratorze \u2013 art. 6 ust.1 lit c) RODO \u2013 w zwi\u0105zku art. 6 ust. 2 ustawy o narodowym zasobie archiwalnym i archiwach;<\/li>\n\n\n\n<li>b\u0119dziemy przetwarza\u0107 dane w celach zwi\u0105zanych z potwierdzeniem dokumentacji przebiegu nauczania, dzia\u0142alno\u015bci wychowawczej i opieku\u0144czej na podstawie ci\u0105\u017c\u0105cych na administratorze obowi\u0105zk\u00f3w prawnych oraz zada\u0144 realizowanych w interesie publicznym (art. 6 ust. 1 lit. c i e RODO) wynikaj\u0105cych z ustawy Prawo o\u015bwiatowe, ustawy o systemie o\u015bwiaty, akt\u00f3w wykonawczych i statutu plac\u00f3wki; <\/li>\n\n\n\n<li>wskazane wy\u017cej przepisy obliguj\u0105 do podania danych, kt\u00f3rych brak uniemo\u017cliwia realizacj\u0119 obowi\u0105zk\u00f3w prawnych administratora;<\/li>\n\n\n\n<li>informacja o zarejestrowanej korespondencji b\u0119dzie przechowywana przez okres 5 lat;<\/li>\n\n\n\n<li>odbiorcami danych b\u0119d\u0105 podmioty wspieraj\u0105ce administratora w obs\u0142udze administracyjnej, informatycznej i prawnej;<\/li>\n\n\n\n<li>dane nie b\u0119d\u0105 przekazywane do odbiorc\u00f3w w pa\u0144stwach trzecich i nie b\u0119d\u0105 na ich podstawie podejmowane zautomatyzowane decyzje ani profilowanie;<\/li>\n\n\n\n<li>przys\u0142uguje prawo do \u017c\u0105dania dost\u0119pu do danych oraz do ich sprostowania, ograniczenia przetwarzania oraz usuni\u0119cia, kt\u00f3re w stosownych przypadkach przepisy mog\u0105 ograniczy\u0107, a tak\u017ce prawo wniesienia skargi do Prezesa Urz\u0119du Ochrony Danych Osobowych, gdyby przetwarzanie danych narusza\u0142o wymienione prawa lub inne przepisy RODO;<\/li>\n\n\n\n<li>w sprawach dotycz\u0105cych przetwarzania danych osobowych oraz realizacji powy\u017cszych praw mo\u017cna kontaktowa\u0107 si\u0119 z wyznaczonym inspektorem ochrony danych przez e-mail: <a rel=\"noreferrer noopener\" href=\"mailto:korzuch@infoic.pl\" target=\"_blank\">korzuch@infoic.pl<\/a><\/li>\n<\/ol>\n\n\n\n<p><\/p>\n\n\n\n<p><\/p>\n","protected":false},"excerpt":{"rendered":"<p>W zwi\u0105zku z art. 13 ust. 1 i 2 Og\u00f3lnego rozporz\u0105dzenia o ochronie danych osobowych (RODO) informujemy, \u017ce:<\/p>\n","protected":false},"author":1,"featured_media":0,"parent":0,"menu_order":0,"comment_status":"closed","ping_status":"closed","template":"","meta":{"pgc_sgb_lightbox_settings":"","footnotes":""},"class_list":["post-3","page","type-page","status-publish","hentry"],"_links":{"self":[{"href":"https:\/\/zstu.tg.edu.pl\/wp-new\/wp-json\/wp\/v2\/pages\/3","targetHints":{"allow":["GET"]}}],"collection":[{"href":"https:\/\/zstu.tg.edu.pl\/wp-new\/wp-json\/wp\/v2\/pages"}],"about":[{"href":"https:\/\/zstu.tg.edu.pl\/wp-new\/wp-json\/wp\/v2\/types\/page"}],"author":[{"embeddable":true,"href":"https:\/\/zstu.tg.edu.pl\/wp-new\/wp-json\/wp\/v2\/users\/1"}],"replies":[{"embeddable":true,"href":"https:\/\/zstu.tg.edu.pl\/wp-new\/wp-json\/wp\/v2\/comments?post=3"}],"version-history":[{"count":7,"href":"https:\/\/zstu.tg.edu.pl\/wp-new\/wp-json\/wp\/v2\/pages\/3\/revisions"}],"predecessor-version":[{"id":9955,"href":"https:\/\/zstu.tg.edu.pl\/wp-new\/wp-json\/wp\/v2\/pages\/3\/revisions\/9955"}],"wp:attachment":[{"href":"https:\/\/zstu.tg.edu.pl\/wp-new\/wp-json\/wp\/v2\/media?parent=3"}],"curies":[{"name":"wp","href":"https:\/\/api.w.org\/{rel}","templated":true}]}}