{"id":5930,"date":"2024-11-27T14:32:16","date_gmt":"2024-11-27T13:32:16","guid":{"rendered":"https:\/\/zstu.tg.edu.pl\/wp-new\/?page_id=5930"},"modified":"2025-12-01T22:18:07","modified_gmt":"2025-12-01T21:18:07","slug":"zapytanie-ofertowe","status":"publish","type":"page","link":"https:\/\/zstu.tg.edu.pl\/wp-new\/zapytanie-ofertowe\/","title":{"rendered":"Zapytania ofertowe"},"content":{"rendered":"\t\t<div data-elementor-type=\"wp-page\" data-elementor-id=\"5930\" class=\"elementor elementor-5930\" data-elementor-post-type=\"page\">\n\t\t\t\t\t\t<section class=\"elementor-section elementor-top-section elementor-element elementor-element-52f8420e elementor-section-boxed elementor-section-height-default elementor-section-height-default\" data-id=\"52f8420e\" data-element_type=\"section\" data-e-type=\"section\">\n\t\t\t\t\t\t<div class=\"elementor-container elementor-column-gap-default\">\n\t\t\t\t\t<div class=\"elementor-column elementor-col-100 elementor-top-column elementor-element elementor-element-262837ca\" data-id=\"262837ca\" data-element_type=\"column\" data-e-type=\"column\">\n\t\t\t<div class=\"elementor-widget-wrap elementor-element-populated\">\n\t\t\t\t\t\t<div class=\"elementor-element elementor-element-406c7898 elementor-widget__width-initial elementor-widget elementor-widget-text-editor\" data-id=\"406c7898\" data-element_type=\"widget\" data-e-type=\"widget\" data-widget_type=\"text-editor.default\">\n\t\t\t\t<div class=\"elementor-widget-container\">\n\t\t\t\t\t\t\t\t\t<p style=\"text-align: center;\"><strong>Zapytania ofertowe z roku 2025<br \/><\/strong><\/p><p style=\"text-align: left;\"><strong><br \/>Zapytanie ofertowe<\/strong><br \/>Nazwa: Indywidualny pakiet wyposa\u017cenia ucznia klasy Oddzia\u0142u Przygotowania Wojskowego (OPW) w roku szkolnym 2025\/2026 w ramach dotacji programu MON &#8211; <u>30kpl.<\/u> Zgodnie z za\u0142\u0105cznikiem nr 1 oraz zgodnie ze specyfikacj\u0105 zawart\u0105 w wymaganiach technicznych.<\/p><p><a href=\"https:\/\/zstu.tg.edu.pl\/wp-new\/wp-content\/uploads\/2025\/12\/wybor_oferty_2025.pdf\" target=\"_blank\" rel=\"noopener\">Wyb\u00f3r oferty<\/a><\/p><p>Formularz ofertowy<br \/>Wymagania techniczne\u00a0<br \/>Za\u0142\u0105cznik nr 1<br \/>Klauzula RODO<\/p><p><!-- \/wp:paragraph --><\/p>\t\t\t\t\t\t\t\t<\/div>\n\t\t\t\t<\/div>\n\t\t\t\t\t<\/div>\n\t\t<\/div>\n\t\t\t\t\t<\/div>\n\t\t<\/section>\n\t\t\t\t<\/div>\n\t\t","protected":false},"excerpt":{"rendered":"<p>Zapytania ofertowe z roku 2025 Zapytanie ofertoweNazwa: Indywidualny pakiet wyposa\u017cenia ucznia klasy Oddzia\u0142u Przygotowania Wojskowego (OPW) w roku szkolnym 2025\/2026 w ramach dotacji programu MON &#8211; 30kpl. Zgodnie z za\u0142\u0105cznikiem nr 1 oraz zgodnie ze specyfikacj\u0105 zawart\u0105 w wymaganiach technicznych. Wyb\u00f3r oferty Formularz ofertowyWymagania techniczne\u00a0Za\u0142\u0105cznik nr 1Klauzula RODO<\/p>\n","protected":false},"author":1,"featured_media":0,"parent":0,"menu_order":0,"comment_status":"closed","ping_status":"closed","template":"","meta":{"pgc_sgb_lightbox_settings":"","footnotes":""},"class_list":["post-5930","page","type-page","status-publish","hentry"],"_links":{"self":[{"href":"https:\/\/zstu.tg.edu.pl\/wp-new\/wp-json\/wp\/v2\/pages\/5930","targetHints":{"allow":["GET"]}}],"collection":[{"href":"https:\/\/zstu.tg.edu.pl\/wp-new\/wp-json\/wp\/v2\/pages"}],"about":[{"href":"https:\/\/zstu.tg.edu.pl\/wp-new\/wp-json\/wp\/v2\/types\/page"}],"author":[{"embeddable":true,"href":"https:\/\/zstu.tg.edu.pl\/wp-new\/wp-json\/wp\/v2\/users\/1"}],"replies":[{"embeddable":true,"href":"https:\/\/zstu.tg.edu.pl\/wp-new\/wp-json\/wp\/v2\/comments?post=5930"}],"version-history":[{"count":33,"href":"https:\/\/zstu.tg.edu.pl\/wp-new\/wp-json\/wp\/v2\/pages\/5930\/revisions"}],"predecessor-version":[{"id":9966,"href":"https:\/\/zstu.tg.edu.pl\/wp-new\/wp-json\/wp\/v2\/pages\/5930\/revisions\/9966"}],"wp:attachment":[{"href":"https:\/\/zstu.tg.edu.pl\/wp-new\/wp-json\/wp\/v2\/media?parent=5930"}],"curies":[{"name":"wp","href":"https:\/\/api.w.org\/{rel}","templated":true}]}}