{"id":5990,"date":"2024-06-12T13:25:27","date_gmt":"2024-06-12T11:25:27","guid":{"rendered":"https:\/\/zstu.tg.edu.pl\/wp-new\/?page_id=5990"},"modified":"2024-11-19T14:41:26","modified_gmt":"2024-11-19T13:41:26","slug":"o-projekcie","status":"publish","type":"page","link":"https:\/\/zstu.tg.edu.pl\/wp-new\/projekt-mlodzi-praktycy-w-tarnogorskiej-kolejowce\/o-projekcie\/","title":{"rendered":"O Projekcie"},"content":{"rendered":"\n<h4 class=\"wp-block-heading\">M\u0142odzi Praktycy w tarnog\u00f3rskiej kolej\u00f3wce<\/h4>\n\n\n\n<p>Celem projektu jest podniesienie jako\u015bci i efektywno\u015bci kszta\u0142cenia praktycznego w Technikum nr 12 w Zespole Szk\u00f3\u0142 Techniczno \u2013 Us\u0142ugowych w Tarnowskich G\u00f3rach poprzez organizacj\u0119 sta\u017cy uczniowskich dla 100 uczni\u00f3w i uczennic klas III i IV kszta\u0142c\u0105cych si\u0119 na kierunkach kszta\u0142cenia technik transportu kolejowego oraz technik logistyk.<br>Ka\u017cdy uczestnik\/uczestniczka odb\u0119dzie sta\u017c uczniowski w wymiarze 140 h zegarowych. Za zrealizowany wymiar godzin sta\u017cu uczniowskiego uczestnicy i uczestniczki projektu otrzymaj\u0105 stypendium sta\u017cowe.<br>Projekt realizowany b\u0119dzie w ci\u0105gu dw\u00f3ch lat szkolnych 2024\/2025 i 2025\/2026.<br>Okres realizacji projektu 02.09.2024 \u2013 15.01.2026.<br>W wyniku realizacji projektu kwalifikacje nab\u0119dzie 100 uczni\u00f3w i uczennic klas<br>III i IV kierunku technik logistyk i technik transportu kolejowego.<br><strong>Warto\u015b\u0107 <\/strong>ca\u0142kowita <strong>projektu 535 850 z\u0142<\/strong><br><strong>Dofinansowanie 482 265 z\u0142<\/strong><br>w tym<br>Warto\u015b\u0107 dofinansowania z UE 455 472,50 z\u0142<br>Bud\u017cet Pa\u0144stwa 26 792,50 z\u0142<br>Projekt wsp\u00f3\u0142finansowany z Europejskiego Funduszu Spo\u0142ecznego Plus, w ramach Programu Fundusze Europejskie dla \u015al\u0105skiego 2021 \u2013 2027 Priorytet FESL.06 Fundusze Europejskie dla edukacji Dzia\u0142anie FESL.06.03 Kszta\u0142cenie zawodowe<\/p>\n","protected":false},"excerpt":{"rendered":"<p>M\u0142odzi Praktycy w tarnog\u00f3rskiej kolej\u00f3wce Celem projektu jest podniesienie jako\u015bci i efektywno\u015bci kszta\u0142cenia praktycznego w Technikum nr 12 w Zespole Szk\u00f3\u0142 Techniczno \u2013 Us\u0142ugowych w Tarnowskich G\u00f3rach poprzez organizacj\u0119 sta\u017cy uczniowskich dla 100 uczni\u00f3w i uczennic klas III i IV kszta\u0142c\u0105cych si\u0119 na kierunkach kszta\u0142cenia technik transportu kolejowego oraz technik logistyk.Ka\u017cdy uczestnik\/uczestniczka odb\u0119dzie sta\u017c uczniowski [&hellip;]<\/p>\n","protected":false},"author":1,"featured_media":0,"parent":5980,"menu_order":1,"comment_status":"closed","ping_status":"closed","template":"","meta":{"pgc_sgb_lightbox_settings":"","footnotes":""},"class_list":["post-5990","page","type-page","status-publish","hentry"],"_links":{"self":[{"href":"https:\/\/zstu.tg.edu.pl\/wp-new\/wp-json\/wp\/v2\/pages\/5990","targetHints":{"allow":["GET"]}}],"collection":[{"href":"https:\/\/zstu.tg.edu.pl\/wp-new\/wp-json\/wp\/v2\/pages"}],"about":[{"href":"https:\/\/zstu.tg.edu.pl\/wp-new\/wp-json\/wp\/v2\/types\/page"}],"author":[{"embeddable":true,"href":"https:\/\/zstu.tg.edu.pl\/wp-new\/wp-json\/wp\/v2\/users\/1"}],"replies":[{"embeddable":true,"href":"https:\/\/zstu.tg.edu.pl\/wp-new\/wp-json\/wp\/v2\/comments?post=5990"}],"version-history":[{"count":4,"href":"https:\/\/zstu.tg.edu.pl\/wp-new\/wp-json\/wp\/v2\/pages\/5990\/revisions"}],"predecessor-version":[{"id":7430,"href":"https:\/\/zstu.tg.edu.pl\/wp-new\/wp-json\/wp\/v2\/pages\/5990\/revisions\/7430"}],"up":[{"embeddable":true,"href":"https:\/\/zstu.tg.edu.pl\/wp-new\/wp-json\/wp\/v2\/pages\/5980"}],"wp:attachment":[{"href":"https:\/\/zstu.tg.edu.pl\/wp-new\/wp-json\/wp\/v2\/media?parent=5990"}],"curies":[{"name":"wp","href":"https:\/\/api.w.org\/{rel}","templated":true}]}}