{"id":5992,"date":"2024-06-12T13:27:12","date_gmt":"2024-06-12T11:27:12","guid":{"rendered":"https:\/\/zstu.tg.edu.pl\/wp-new\/?page_id=5992"},"modified":"2024-10-07T17:42:01","modified_gmt":"2024-10-07T15:42:01","slug":"rekrutacja","status":"publish","type":"page","link":"https:\/\/zstu.tg.edu.pl\/wp-new\/projekt-mlodzi-praktycy-w-tarnogorskiej-kolejowce\/rekrutacja\/","title":{"rendered":"Rekrutacja"},"content":{"rendered":"\t\t<div data-elementor-type=\"wp-page\" data-elementor-id=\"5992\" class=\"elementor elementor-5992\" data-elementor-post-type=\"page\">\n\t\t\t\t\t\t<section class=\"elementor-section elementor-top-section elementor-element elementor-element-3f9a9a4a elementor-section-boxed elementor-section-height-default elementor-section-height-default\" data-id=\"3f9a9a4a\" data-element_type=\"section\" data-e-type=\"section\">\n\t\t\t\t\t\t<div class=\"elementor-container elementor-column-gap-default\">\n\t\t\t\t\t<div class=\"elementor-column elementor-col-100 elementor-top-column elementor-element elementor-element-7dfb4049\" data-id=\"7dfb4049\" data-element_type=\"column\" data-e-type=\"column\">\n\t\t\t<div class=\"elementor-widget-wrap elementor-element-populated\">\n\t\t\t\t\t\t<div class=\"elementor-element elementor-element-7b5e2d1b elementor-widget elementor-widget-text-editor\" data-id=\"7b5e2d1b\" data-element_type=\"widget\" data-e-type=\"widget\" data-widget_type=\"text-editor.default\">\n\t\t\t\t<div class=\"elementor-widget-container\">\n\t\t\t\t\t\t\t\t\t\n<h6 class=\"wp-block-heading has-text-align-center\" style=\"text-align: left;\"><a href=\"https:\/\/zstu.tg.edu.pl\/wp-new\/wp-content\/uploads\/2024\/10\/regulamin.pdf\" target=\"_blank\" rel=\"noopener\"><strong>Regulamin rekrutacji i uczestnictwa w projekcie<\/strong><\/a><\/h6>\n<p><a href=\"https:\/\/zstu.tg.edu.pl\/wp-new\/wp-content\/uploads\/2024\/09\/zasada_rownosci.pdf\" target=\"_blank\" rel=\"noopener\">Zasada r\u00f3wno\u015bci kobiet i m\u0119\u017cczyzn<\/a><\/p>\n<h6><span style=\"text-decoration: underline;\">Za\u0142\u0105czniki do projektu:<\/span><br \/><a href=\"https:\/\/zstu.tg.edu.pl\/wp-new\/wp-content\/uploads\/2024\/10\/01_formularz_zgloszeniowy.pdf\" target=\"_blank\" rel=\"noopener\">Formularz zg\u0142oszeniowy<\/a><br \/><a href=\"https:\/\/zstu.tg.edu.pl\/wp-new\/wp-content\/uploads\/2024\/09\/02_deklaracja-uczestnictwa-w-Projekcie.pdf\" target=\"_blank\" rel=\"noopener\">O\u015bwiadczenie opiekuna sta\u017cysty<\/a><br \/><a href=\"https:\/\/zstu.tg.edu.pl\/wp-new\/wp-content\/uploads\/2024\/10\/03_deklaracja-uczestnictwa-w-Projekcie.pdf\" target=\"_blank\" rel=\"noopener\">Deklaracja uczestnictwa w projekcie<\/a><br \/><a href=\"https:\/\/zstu.tg.edu.pl\/wp-new\/wp-content\/uploads\/2024\/10\/04_umowa-na-staz.pdf\" target=\"_blank\" rel=\"noopener\">Umowa o sta\u017c uczniowski<\/a><br \/><a href=\"https:\/\/zstu.tg.edu.pl\/wp-new\/wp-content\/uploads\/2024\/10\/05_wniosek-o-ref-opiekuna-stazu.pdf\" target=\"_blank\" rel=\"noopener\">Wniosek o refundacj\u0119 wydatk\u00f3w ponoszonych przez podmiot przyjmuj\u0105cych na sta\u017c<\/a><br \/><a href=\"https:\/\/zstu.tg.edu.pl\/wp-new\/wp-content\/uploads\/2024\/10\/06_lista-obecnosci.pdf\" target=\"_blank\" rel=\"noopener\">Lista obecno\u015bci na sta\u017cu uczniowskim<\/a><br \/><a href=\"https:\/\/zstu.tg.edu.pl\/wp-new\/wp-content\/uploads\/2024\/10\/07_dzienniczek-stazu.pdf\" target=\"_blank\" rel=\"noopener\">Dzienniczek sta\u017cu uczniowskiego<\/a><br \/><a href=\"https:\/\/zstu.tg.edu.pl\/wp-new\/wp-content\/uploads\/2024\/10\/08_ankieta-konczaca-staz.pdf\" target=\"_blank\" rel=\"noopener\">Ankieta badaj\u0105ca zadowolenie z projektu<\/a><\/h6>\n\t\t\t\t\t\t\t\t<\/div>\n\t\t\t\t<\/div>\n\t\t\t\t\t<\/div>\n\t\t<\/div>\n\t\t\t\t\t<\/div>\n\t\t<\/section>\n\t\t\t\t<\/div>\n\t\t","protected":false},"excerpt":{"rendered":"<p>Regulamin rekrutacji i uczestnictwa w projekcie Zasada r\u00f3wno\u015bci kobiet i m\u0119\u017cczyzn Za\u0142\u0105czniki do projektu:Formularz zg\u0142oszeniowyO\u015bwiadczenie opiekuna sta\u017cystyDeklaracja uczestnictwa w projekcieUmowa o sta\u017c uczniowskiWniosek o refundacj\u0119 wydatk\u00f3w ponoszonych przez podmiot przyjmuj\u0105cych na sta\u017cLista obecno\u015bci na sta\u017cu uczniowskimDzienniczek sta\u017cu uczniowskiegoAnkieta badaj\u0105ca zadowolenie z projektu<\/p>\n","protected":false},"author":1,"featured_media":0,"parent":5980,"menu_order":2,"comment_status":"closed","ping_status":"closed","template":"","meta":{"pgc_sgb_lightbox_settings":"","footnotes":""},"class_list":["post-5992","page","type-page","status-publish","hentry"],"_links":{"self":[{"href":"https:\/\/zstu.tg.edu.pl\/wp-new\/wp-json\/wp\/v2\/pages\/5992","targetHints":{"allow":["GET"]}}],"collection":[{"href":"https:\/\/zstu.tg.edu.pl\/wp-new\/wp-json\/wp\/v2\/pages"}],"about":[{"href":"https:\/\/zstu.tg.edu.pl\/wp-new\/wp-json\/wp\/v2\/types\/page"}],"author":[{"embeddable":true,"href":"https:\/\/zstu.tg.edu.pl\/wp-new\/wp-json\/wp\/v2\/users\/1"}],"replies":[{"embeddable":true,"href":"https:\/\/zstu.tg.edu.pl\/wp-new\/wp-json\/wp\/v2\/comments?post=5992"}],"version-history":[{"count":17,"href":"https:\/\/zstu.tg.edu.pl\/wp-new\/wp-json\/wp\/v2\/pages\/5992\/revisions"}],"predecessor-version":[{"id":6768,"href":"https:\/\/zstu.tg.edu.pl\/wp-new\/wp-json\/wp\/v2\/pages\/5992\/revisions\/6768"}],"up":[{"embeddable":true,"href":"https:\/\/zstu.tg.edu.pl\/wp-new\/wp-json\/wp\/v2\/pages\/5980"}],"wp:attachment":[{"href":"https:\/\/zstu.tg.edu.pl\/wp-new\/wp-json\/wp\/v2\/media?parent=5992"}],"curies":[{"name":"wp","href":"https:\/\/api.w.org\/{rel}","templated":true}]}}