{"id":7911,"date":"2025-01-22T13:58:06","date_gmt":"2025-01-22T12:58:06","guid":{"rendered":"https:\/\/zstu.tg.edu.pl\/wp-new\/?page_id=7911"},"modified":"2025-01-22T13:58:06","modified_gmt":"2025-01-22T12:58:06","slug":"ogloszenie","status":"publish","type":"page","link":"https:\/\/zstu.tg.edu.pl\/wp-new\/ogloszenie\/","title":{"rendered":"Og\u0142oszenie"},"content":{"rendered":"\n<p class=\"has-text-align-center\"><strong>Dyrektor&nbsp; Zespo\u0142u Szk\u00f3\u0142 Techniczno-Us\u0142ugowych im. Jana Paw\u0142a II <\/strong><br><strong>w Tarnowskich G\u00f3rach<\/strong> <br><strong>informuje:<\/strong><\/p>\n\n\n\n<p>na podstawie art. 35 ust. 1 ustawy z dnia 21 sierpnia 1997r. o gospodarce nieruchomo\u015bciami (teks jednolity: Dz.U. z 2023r. poz. 344 z p\u00f3\u017an. zm.) zosta\u0142 wywieszony na tablicy og\u0142osze\u0144 Zespo\u0142u Szk\u00f3\u0142 Techniczno-Us\u0142ugowych w Tarnowskich G\u00f3rach przy ul. Pokoju 14 oraz umieszczony na okres od 22 stycznia 2025 roku do dnia 30 stycznia 2025 do godz. 10:00 na stronie internetowej zstu.tg.edu.pl<\/p>\n\n\n\n<p><strong>wykaz nieruchomo\u015bci przeznaczonej do wynajmu na dzia\u0142alno\u015b\u0107 us\u0142ugow\u0105 (sklepik szkolny), obejmuj\u0105cy:<\/strong><\/p>\n\n\n\n<p>pomieszczenie o powierzchni &nbsp;<strong>8,7m<sup>2<\/sup> <\/strong>&nbsp;w budynku Zespo\u0142u Szk\u00f3\u0142 Techniczno-Us\u0142ugowych w Tarnowskich G\u00f3rach przy ulicy Pokoju 14 posadowionym na dzia\u0142ce gruntu&nbsp; nr 3270\/39, 3290\/39 oraz 3294\/38 o \u0142\u0105cznej powierzchni 0,8851ha &nbsp;zapisanej w ksi\u0119dze wieczystej nr&nbsp; GL1T\/00051900\/0&nbsp; stanowi\u0105cym w\u0142asno\u015b\u0107 Powiatu Tarnog\u00f3rskiego.<\/p>\n\n\n\n<div class=\"wp-block-file\"><a id=\"wp-block-file--media-0da903a7-702b-4e28-838f-84bd4069046e\" href=\"https:\/\/zstu.tg.edu.pl\/wp-new\/wp-content\/uploads\/2025\/01\/ogloszenie_22_01_2025.pdf\" target=\"_blank\" rel=\"noreferrer noopener\">Og\u0142oszenie na najem sklepiku<\/a><a href=\"https:\/\/zstu.tg.edu.pl\/wp-new\/wp-content\/uploads\/2025\/01\/ogloszenie_22_01_2025.pdf\" class=\"wp-block-file__button wp-element-button\" download aria-describedby=\"wp-block-file--media-0da903a7-702b-4e28-838f-84bd4069046e\">Pobierz<\/a><\/div>\n\n\n\n<div class=\"wp-block-file\"><a id=\"wp-block-file--media-e8afb185-eb3e-4bcb-8425-756a7ca3576a\" href=\"https:\/\/zstu.tg.edu.pl\/wp-new\/wp-content\/uploads\/2025\/01\/oswiadczenie.pdf\" target=\"_blank\" rel=\"noreferrer noopener\">O\u015bwiadczenie<\/a><a href=\"https:\/\/zstu.tg.edu.pl\/wp-new\/wp-content\/uploads\/2025\/01\/oswiadczenie.pdf\" class=\"wp-block-file__button wp-element-button\" download aria-describedby=\"wp-block-file--media-e8afb185-eb3e-4bcb-8425-756a7ca3576a\">Pobierz<\/a><\/div>\n\n\n\n<div class=\"wp-block-file\"><a id=\"wp-block-file--media-bd780f98-e126-4b1e-8059-a370171ee477\" href=\"https:\/\/zstu.tg.edu.pl\/wp-new\/wp-content\/uploads\/2024\/12\/RODO-klauzula-informacyjna.pdf\" target=\"_blank\" rel=\"noreferrer noopener\">RODO &#8211; klauzula informacyjna<\/a><a href=\"https:\/\/zstu.tg.edu.pl\/wp-new\/wp-content\/uploads\/2024\/12\/RODO-klauzula-informacyjna.pdf\" class=\"wp-block-file__button wp-element-button\" download aria-describedby=\"wp-block-file--media-bd780f98-e126-4b1e-8059-a370171ee477\">Pobierz<\/a><\/div>\n","protected":false},"excerpt":{"rendered":"<p>Dyrektor&nbsp; Zespo\u0142u Szk\u00f3\u0142 Techniczno-Us\u0142ugowych im. Jana Paw\u0142a II w Tarnowskich G\u00f3rach informuje: na podstawie art. 35 ust. 1 ustawy z dnia 21 sierpnia 1997r. o gospodarce nieruchomo\u015bciami (teks jednolity: Dz.U. z 2023r. poz. 344 z p\u00f3\u017an. zm.) zosta\u0142 wywieszony na tablicy og\u0142osze\u0144 Zespo\u0142u Szk\u00f3\u0142 Techniczno-Us\u0142ugowych w Tarnowskich G\u00f3rach przy ul. Pokoju 14 oraz umieszczony na [&hellip;]<\/p>\n","protected":false},"author":1,"featured_media":0,"parent":0,"menu_order":0,"comment_status":"closed","ping_status":"closed","template":"","meta":{"pgc_sgb_lightbox_settings":"","footnotes":""},"class_list":["post-7911","page","type-page","status-publish","hentry"],"_links":{"self":[{"href":"https:\/\/zstu.tg.edu.pl\/wp-new\/wp-json\/wp\/v2\/pages\/7911","targetHints":{"allow":["GET"]}}],"collection":[{"href":"https:\/\/zstu.tg.edu.pl\/wp-new\/wp-json\/wp\/v2\/pages"}],"about":[{"href":"https:\/\/zstu.tg.edu.pl\/wp-new\/wp-json\/wp\/v2\/types\/page"}],"author":[{"embeddable":true,"href":"https:\/\/zstu.tg.edu.pl\/wp-new\/wp-json\/wp\/v2\/users\/1"}],"replies":[{"embeddable":true,"href":"https:\/\/zstu.tg.edu.pl\/wp-new\/wp-json\/wp\/v2\/comments?post=7911"}],"version-history":[{"count":7,"href":"https:\/\/zstu.tg.edu.pl\/wp-new\/wp-json\/wp\/v2\/pages\/7911\/revisions"}],"predecessor-version":[{"id":7928,"href":"https:\/\/zstu.tg.edu.pl\/wp-new\/wp-json\/wp\/v2\/pages\/7911\/revisions\/7928"}],"wp:attachment":[{"href":"https:\/\/zstu.tg.edu.pl\/wp-new\/wp-json\/wp\/v2\/media?parent=7911"}],"curies":[{"name":"wp","href":"https:\/\/api.w.org\/{rel}","templated":true}]}}